{"id":41,"date":"2023-05-29T12:20:07","date_gmt":"2023-05-29T10:20:07","guid":{"rendered":"https:\/\/dr-michalski-ortopeda.pl\/?page_id=41"},"modified":"2023-05-30T14:58:23","modified_gmt":"2023-05-30T12:58:23","slug":"elementor-41","status":"publish","type":"page","link":"https:\/\/dr-michalski-ortopeda.pl\/","title":{"rendered":"Home"},"content":{"rendered":"\t\t<div data-elementor-type=\"wp-page\" data-elementor-id=\"41\" class=\"elementor elementor-41\" data-elementor-post-type=\"page\">\n\t\t\t\t\t\t<section class=\"elementor-section elementor-top-section elementor-element elementor-element-320a00a elementor-section-boxed elementor-section-height-default elementor-section-height-default\" data-id=\"320a00a\" data-element_type=\"section\">\n\t\t\t\t\t\t<div class=\"elementor-container elementor-column-gap-default\">\n\t\t\t\t\t<div class=\"elementor-column elementor-col-100 elementor-top-column elementor-element elementor-element-c5a01fb\" data-id=\"c5a01fb\" data-element_type=\"column\">\n\t\t\t<div class=\"elementor-widget-wrap elementor-element-populated\">\n\t\t\t\t\t\t<div class=\"elementor-element elementor-element-5fd95d8 elementor-widget elementor-widget-image\" data-id=\"5fd95d8\" data-element_type=\"widget\" data-widget_type=\"image.default\">\n\t\t\t\t<div class=\"elementor-widget-container\">\n\t\t\t\t\t\t\t\t\t\t\t\t\t\t\t<img fetchpriority=\"high\" decoding=\"async\" width=\"2560\" height=\"612\" src=\"https:\/\/dr-michalski-ortopeda.pl\/wp-content\/uploads\/2023\/05\/zdj-baner-scaled.jpg\" class=\"attachment-full size-full wp-image-63\" alt=\"ORTOPEDIA\" srcset=\"https:\/\/dr-michalski-ortopeda.pl\/wp-content\/uploads\/2023\/05\/zdj-baner-scaled.jpg 2560w, https:\/\/dr-michalski-ortopeda.pl\/wp-content\/uploads\/2023\/05\/zdj-baner-300x72.jpg 300w, https:\/\/dr-michalski-ortopeda.pl\/wp-content\/uploads\/2023\/05\/zdj-baner-1024x245.jpg 1024w, https:\/\/dr-michalski-ortopeda.pl\/wp-content\/uploads\/2023\/05\/zdj-baner-768x183.jpg 768w, https:\/\/dr-michalski-ortopeda.pl\/wp-content\/uploads\/2023\/05\/zdj-baner-1536x367.jpg 1536w, https:\/\/dr-michalski-ortopeda.pl\/wp-content\/uploads\/2023\/05\/zdj-baner-2048x489.jpg 2048w\" sizes=\"(max-width: 2560px) 100vw, 2560px\" \/>\t\t\t\t\t\t\t\t\t\t\t\t\t\t\t<\/div>\n\t\t\t\t<\/div>\n\t\t\t\t\t<\/div>\n\t\t<\/div>\n\t\t\t\t\t<\/div>\n\t\t<\/section>\n\t\t\t\t<section class=\"elementor-section elementor-top-section elementor-element elementor-element-a68230f elementor-section-boxed elementor-section-height-default elementor-section-height-default\" data-id=\"a68230f\" data-element_type=\"section\" id=\"o-mnie\">\n\t\t\t\t\t\t<div class=\"elementor-container elementor-column-gap-default\">\n\t\t\t\t\t<div class=\"elementor-column elementor-col-50 elementor-top-column elementor-element elementor-element-8cb91f3\" data-id=\"8cb91f3\" data-element_type=\"column\">\n\t\t\t<div class=\"elementor-widget-wrap elementor-element-populated\">\n\t\t\t\t\t\t<div class=\"elementor-element elementor-element-c66665d elementor-widget elementor-widget-heading\" data-id=\"c66665d\" data-element_type=\"widget\" data-widget_type=\"heading.default\">\n\t\t\t\t<div class=\"elementor-widget-container\">\n\t\t\t\t\t<h2 class=\"elementor-heading-title elementor-size-default\">O MNIE<\/h2>\t\t\t\t<\/div>\n\t\t\t\t<\/div>\n\t\t\t\t<div class=\"elementor-element elementor-element-da8a6ed elementor-widget elementor-widget-heading\" data-id=\"da8a6ed\" data-element_type=\"widget\" data-widget_type=\"heading.default\">\n\t\t\t\t<div class=\"elementor-widget-container\">\n\t\t\t\t\t<h1 class=\"elementor-heading-title elementor-size-default\">DR N. MED. PAWE\u0141 JERZY MICHALSKI<\/h1>\t\t\t\t<\/div>\n\t\t\t\t<\/div>\n\t\t\t\t<div class=\"elementor-element elementor-element-9e03949 elementor-widget elementor-widget-text-editor\" data-id=\"9e03949\" data-element_type=\"widget\" data-widget_type=\"text-editor.default\">\n\t\t\t\t<div class=\"elementor-widget-container\">\n\t\t\t\t\t\t\t\t\tJestem ortoped\u0105 od ponad 30 lat zajmuj\u0105cym si\u0119 leczeniem schorze\u0144 kr\u0119gos\u0142upa u dzieci i doros\u0142ych.\n<br\/><br\/>\nJestem autorem i wsp\u00f3\u0142autorem ponad 30 prac naukowych, opublikowanych w czasopismach krajowych i zagranicznych.<br\/>Moje zawodowe do\u015bwiadczenie prezentowa\u0142em na ponad 40 kongresach mi\u0119dzynarodowych i krajowych.\t\t\t\t\t\t\t\t<\/div>\n\t\t\t\t<\/div>\n\t\t\t\t<div class=\"elementor-element elementor-element-f330c68 elementor-widget elementor-widget-text-editor\" data-id=\"f330c68\" data-element_type=\"widget\" data-widget_type=\"text-editor.default\">\n\t\t\t\t<div class=\"elementor-widget-container\">\n\t\t\t\t\t\t\t\t\tDodatkowe informacje na stronie: <a class=\"skolioza\" title=\"Skolioza\" href=\"https:\/\/skolioza.pl\" target=\"_blank\" rel=\"noopener\">www.skolioza.pl<\/a>\t\t\t\t\t\t\t\t<\/div>\n\t\t\t\t<\/div>\n\t\t\t\t<div class=\"elementor-element elementor-element-9d270aa elementor-widget elementor-widget-spacer\" data-id=\"9d270aa\" data-element_type=\"widget\" data-widget_type=\"spacer.default\">\n\t\t\t\t<div class=\"elementor-widget-container\">\n\t\t\t\t\t\t\t<div class=\"elementor-spacer\">\n\t\t\t<div class=\"elementor-spacer-inner\"><\/div>\n\t\t<\/div>\n\t\t\t\t\t\t<\/div>\n\t\t\t\t<\/div>\n\t\t\t\t\t<\/div>\n\t\t<\/div>\n\t\t\t\t<div class=\"elementor-column elementor-col-50 elementor-top-column elementor-element elementor-element-776295f\" data-id=\"776295f\" data-element_type=\"column\">\n\t\t\t<div class=\"elementor-widget-wrap elementor-element-populated\">\n\t\t\t\t\t\t<div class=\"elementor-element elementor-element-7fb711d elementor-widget elementor-widget-image\" data-id=\"7fb711d\" data-element_type=\"widget\" data-widget_type=\"image.default\">\n\t\t\t\t<div class=\"elementor-widget-container\">\n\t\t\t\t\t\t\t\t\t\t\t\t\t\t\t<img decoding=\"async\" width=\"800\" height=\"770\" src=\"https:\/\/dr-michalski-ortopeda.pl\/wp-content\/uploads\/2023\/05\/ortopeda-dr-michalski-1024x985.jpg\" class=\"attachment-large size-large wp-image-103\" alt=\"Dr Michalski - Ortopeda\" srcset=\"https:\/\/dr-michalski-ortopeda.pl\/wp-content\/uploads\/2023\/05\/ortopeda-dr-michalski-1024x985.jpg 1024w, https:\/\/dr-michalski-ortopeda.pl\/wp-content\/uploads\/2023\/05\/ortopeda-dr-michalski-300x289.jpg 300w, https:\/\/dr-michalski-ortopeda.pl\/wp-content\/uploads\/2023\/05\/ortopeda-dr-michalski-768x739.jpg 768w, https:\/\/dr-michalski-ortopeda.pl\/wp-content\/uploads\/2023\/05\/ortopeda-dr-michalski-1536x1478.jpg 1536w, https:\/\/dr-michalski-ortopeda.pl\/wp-content\/uploads\/2023\/05\/ortopeda-dr-michalski-2048x1971.jpg 2048w\" sizes=\"(max-width: 800px) 100vw, 800px\" \/>\t\t\t\t\t\t\t\t\t\t\t\t\t\t\t<\/div>\n\t\t\t\t<\/div>\n\t\t\t\t\t<\/div>\n\t\t<\/div>\n\t\t\t\t\t<\/div>\n\t\t<\/section>\n\t\t\t\t<section class=\"elementor-section elementor-top-section elementor-element elementor-element-d552ae0 elementor-section-boxed elementor-section-height-default elementor-section-height-default\" data-id=\"d552ae0\" data-element_type=\"section\">\n\t\t\t\t\t\t<div class=\"elementor-container elementor-column-gap-default\">\n\t\t\t\t\t<div class=\"elementor-column elementor-col-50 elementor-top-column elementor-element elementor-element-7f7505c\" data-id=\"7f7505c\" data-element_type=\"column\" data-settings=\"{&quot;background_background&quot;:&quot;classic&quot;}\">\n\t\t\t<div class=\"elementor-widget-wrap elementor-element-populated\">\n\t\t\t\t\t\t<div class=\"elementor-element elementor-element-d524586 elementor-widget elementor-widget-heading\" data-id=\"d524586\" data-element_type=\"widget\" data-widget_type=\"heading.default\">\n\t\t\t\t<div class=\"elementor-widget-container\">\n\t\t\t\t\t<h3 class=\"elementor-heading-title elementor-size-default\">Szkolenia zagraniczne<\/h3>\t\t\t\t<\/div>\n\t\t\t\t<\/div>\n\t\t\t\t<div class=\"elementor-element elementor-element-4ad527c elementor-widget elementor-widget-text-editor\" data-id=\"4ad527c\" data-element_type=\"widget\" data-widget_type=\"text-editor.default\">\n\t\t\t\t<div class=\"elementor-widget-container\">\n\t\t\t\t\t\t\t\t\t<ul class=\"szkolenia\">\n<li>Link\u00f6ping (Szwecja) prof. Stig Aaro,<\/li>\n<li>Meinz (Niemcy) prof. Christof Hopf,<\/li>\n<li>Sydney (Australia) dr John Stephen i Bob Dickens, prof. Rober Taylor.<\/li>\n<\/ul>\t\t\t\t\t\t\t\t<\/div>\n\t\t\t\t<\/div>\n\t\t\t\t\t<\/div>\n\t\t<\/div>\n\t\t\t\t<div class=\"elementor-column elementor-col-50 elementor-top-column elementor-element elementor-element-c45e459\" data-id=\"c45e459\" data-element_type=\"column\" data-settings=\"{&quot;background_background&quot;:&quot;classic&quot;}\">\n\t\t\t<div class=\"elementor-widget-wrap elementor-element-populated\">\n\t\t\t\t\t\t<div class=\"elementor-element elementor-element-5906940 elementor-widget elementor-widget-heading\" data-id=\"5906940\" data-element_type=\"widget\" data-widget_type=\"heading.default\">\n\t\t\t\t<div class=\"elementor-widget-container\">\n\t\t\t\t\t<h3 class=\"elementor-heading-title elementor-size-default\">Szczeg\u00f3lne osi\u0105gni\u0119cia<\/h3>\t\t\t\t<\/div>\n\t\t\t\t<\/div>\n\t\t\t\t<div class=\"elementor-element elementor-element-a64724f elementor-widget elementor-widget-text-editor\" data-id=\"a64724f\" data-element_type=\"widget\" data-widget_type=\"text-editor.default\">\n\t\t\t\t<div class=\"elementor-widget-container\">\n\t\t\t\t\t\t\t\t\t<ul class=\"szkolenia\">\n<li>Nowatorskie i pionierskie rozwi\u0105zania w zakresie chirurgii kr\u0119gos\u0142upa szczeg\u00f3lnie wykorzystanie tzw. \u201edost\u0119pu przedniego\u201d w operacyjnym leczeniu deformacji kr\u0119gos\u0142upa (Rozpowszechnianie zagadnie\u0144 nowoczesnego post\u0119powania w schorzeniach kr\u0119gos\u0142upa).<\/li>\n<li>W celu propagowania w\u015br\u00f3d pacjent\u00f3w wiedzy na temat wsp\u00f3\u0142czesnych mo\u017cliwo\u015bci leczenia schorze\u0144 kr\u0119gos\u0142upa wzi\u0105\u0142em udzia\u0142 w serialu &#8222;Szpital Dzieci\u0105tka Jezus&#8221;.<\/li>\n<li>Wprowadzenie i wykorzystanie najnowszych, nowoczesnych system\u00f3w stabilizacji kr\u0119gos\u0142upa w leczeniu jego deformacji.<\/li>\n<\/ul>\n\n\n\n<\/ul>\t\t\t\t\t\t\t\t<\/div>\n\t\t\t\t<\/div>\n\t\t\t\t\t<\/div>\n\t\t<\/div>\n\t\t\t\t\t<\/div>\n\t\t<\/section>\n\t\t\t\t<article class=\"elementor-section elementor-top-section elementor-element elementor-element-4d692b3 elementor-section-boxed elementor-section-height-default elementor-section-height-default\" data-id=\"4d692b3\" data-element_type=\"section\">\n\t\t\t\t\t\t<div class=\"elementor-container elementor-column-gap-default\">\n\t\t\t\t\t<div class=\"elementor-column elementor-col-100 elementor-top-column elementor-element elementor-element-1bbf2c1\" data-id=\"1bbf2c1\" data-element_type=\"column\">\n\t\t\t<div class=\"elementor-widget-wrap elementor-element-populated\">\n\t\t\t\t\t\t<div class=\"elementor-element elementor-element-822603b elementor-widget elementor-widget-heading\" data-id=\"822603b\" data-element_type=\"widget\" data-widget_type=\"heading.default\">\n\t\t\t\t<div class=\"elementor-widget-container\">\n\t\t\t\t\t<h2 class=\"elementor-heading-title elementor-size-default\">Mo\u017cliwo\u015bci chirurgiczne \n<br\/>leczenia schorze\u0144 kr\u0119gos\u0142upa<\/h2>\t\t\t\t<\/div>\n\t\t\t\t<\/div>\n\t\t\t\t\t<\/div>\n\t\t<\/div>\n\t\t\t\t\t<\/div>\n\t\t<\/article>\n\t\t\t\t<section class=\"elementor-section elementor-top-section elementor-element elementor-element-3b3cd48 elementor-section-boxed elementor-section-height-default elementor-section-height-default\" data-id=\"3b3cd48\" data-element_type=\"section\" id=\"ortopedia\">\n\t\t\t\t\t\t<div class=\"elementor-container elementor-column-gap-default\">\n\t\t\t\t\t<div class=\"elementor-column elementor-col-50 elementor-top-column elementor-element elementor-element-f53700f\" data-id=\"f53700f\" data-element_type=\"column\">\n\t\t\t<div class=\"elementor-widget-wrap elementor-element-populated\">\n\t\t\t\t\t\t<div class=\"elementor-element elementor-element-0d9cb93 elementor-widget elementor-widget-image\" data-id=\"0d9cb93\" data-element_type=\"widget\" data-widget_type=\"image.default\">\n\t\t\t\t<div class=\"elementor-widget-container\">\n\t\t\t\t\t\t\t\t\t\t\t\t\t\t\t<img decoding=\"async\" width=\"800\" height=\"795\" src=\"https:\/\/dr-michalski-ortopeda.pl\/wp-content\/uploads\/2023\/05\/leczenie-kregoslupa.jpg\" class=\"attachment-large size-large wp-image-125\" alt=\"Leczenie kr\u0119gos\u0142upa\" srcset=\"https:\/\/dr-michalski-ortopeda.pl\/wp-content\/uploads\/2023\/05\/leczenie-kregoslupa.jpg 1005w, https:\/\/dr-michalski-ortopeda.pl\/wp-content\/uploads\/2023\/05\/leczenie-kregoslupa-300x298.jpg 300w, https:\/\/dr-michalski-ortopeda.pl\/wp-content\/uploads\/2023\/05\/leczenie-kregoslupa-150x150.jpg 150w, https:\/\/dr-michalski-ortopeda.pl\/wp-content\/uploads\/2023\/05\/leczenie-kregoslupa-768x763.jpg 768w\" sizes=\"(max-width: 800px) 100vw, 800px\" \/>\t\t\t\t\t\t\t\t\t\t\t\t\t\t\t<\/div>\n\t\t\t\t<\/div>\n\t\t\t\t<section class=\"elementor-section elementor-inner-section elementor-element elementor-element-36a51d7 elementor-section-boxed elementor-section-height-default elementor-section-height-default\" data-id=\"36a51d7\" data-element_type=\"section\">\n\t\t\t\t\t\t<div class=\"elementor-container elementor-column-gap-default\">\n\t\t\t\t\t<div class=\"elementor-column elementor-col-100 elementor-inner-column elementor-element elementor-element-27deb56\" data-id=\"27deb56\" data-element_type=\"column\" data-settings=\"{&quot;background_background&quot;:&quot;classic&quot;}\">\n\t\t\t<div class=\"elementor-widget-wrap elementor-element-populated\">\n\t\t\t\t\t\t<div class=\"elementor-element elementor-element-6dc18ec elementor-widget elementor-widget-text-editor\" data-id=\"6dc18ec\" data-element_type=\"widget\" data-widget_type=\"text-editor.default\">\n\t\t\t\t<div class=\"elementor-widget-container\">\n\t\t\t\t\t\t\t\t\tKorekcja garbu &#8211; fotografia przed i pooperacyjna,\npo wyci\u0119ciu fragment\u00f3w \u017ceber\t\t\t\t\t\t\t\t<\/div>\n\t\t\t\t<\/div>\n\t\t\t\t\t<\/div>\n\t\t<\/div>\n\t\t\t\t\t<\/div>\n\t\t<\/section>\n\t\t\t\t<div class=\"elementor-element elementor-element-0d1b238 elementor-widget elementor-widget-image\" data-id=\"0d1b238\" data-element_type=\"widget\" data-widget_type=\"image.default\">\n\t\t\t\t<div class=\"elementor-widget-container\">\n\t\t\t\t\t\t\t\t\t\t\t\t\t\t\t<img loading=\"lazy\" decoding=\"async\" width=\"800\" height=\"795\" src=\"https:\/\/dr-michalski-ortopeda.pl\/wp-content\/uploads\/2023\/05\/leczenie-kregoslupa-2.jpg\" class=\"attachment-large size-large wp-image-129\" alt=\"Leczenie kr\u0119gos\u0142upa\" srcset=\"https:\/\/dr-michalski-ortopeda.pl\/wp-content\/uploads\/2023\/05\/leczenie-kregoslupa-2.jpg 1005w, https:\/\/dr-michalski-ortopeda.pl\/wp-content\/uploads\/2023\/05\/leczenie-kregoslupa-2-300x298.jpg 300w, https:\/\/dr-michalski-ortopeda.pl\/wp-content\/uploads\/2023\/05\/leczenie-kregoslupa-2-150x150.jpg 150w, https:\/\/dr-michalski-ortopeda.pl\/wp-content\/uploads\/2023\/05\/leczenie-kregoslupa-2-768x763.jpg 768w\" sizes=\"(max-width: 800px) 100vw, 800px\" \/>\t\t\t\t\t\t\t\t\t\t\t\t\t\t\t<\/div>\n\t\t\t\t<\/div>\n\t\t\t\t\t<\/div>\n\t\t<\/div>\n\t\t\t\t<div class=\"elementor-column elementor-col-50 elementor-top-column elementor-element elementor-element-fd4fb6f\" data-id=\"fd4fb6f\" data-element_type=\"column\">\n\t\t\t<div class=\"elementor-widget-wrap elementor-element-populated\">\n\t\t\t\t\t\t<div class=\"elementor-element elementor-element-04abf9b elementor-widget elementor-widget-heading\" data-id=\"04abf9b\" data-element_type=\"widget\" data-widget_type=\"heading.default\">\n\t\t\t\t<div class=\"elementor-widget-container\">\n\t\t\t\t\t<h3 class=\"elementor-heading-title elementor-size-default\">LECZENIE ZACHOWAWCZE i OPERACYJNE SCHORZE\u0143 KR\u0118GOS\u0141UPA:\n<\/h3>\t\t\t\t<\/div>\n\t\t\t\t<\/div>\n\t\t\t\t<div class=\"elementor-element elementor-element-d265f6b elementor-widget elementor-widget-text-editor\" data-id=\"d265f6b\" data-element_type=\"widget\" data-widget_type=\"text-editor.default\">\n\t\t\t\t<div class=\"elementor-widget-container\">\n\t\t\t\t\t\t\t\t\t<ul>\n<li>korekcja garbu, plastyka garbu z wykorzystaniem bloku silikonowego<\/li>\n<li>skolioza: skolioza dzieci\u0119ca, m\u0142odzie\u0144cza, doros\u0142ych<\/li>\n<li>skolioza nerwowo-mi\u0119\u015bniowa (przepuklina oponowo-rdzeniowa, m\u00f3zgowe pora\u017cenie dzieci\u0119ce)<\/li>\n<li>nowotwory kr\u0119gos\u0142upa<\/li>\n<li>kyfoza, choroba Schereumanna<\/li>\n<li>zmiany zwyrodnieniowe kr\u0119gos\u0142upa (dyskopatia, implantacja sztucznego dysku)<\/li>\n<li>z\u0142amania kr\u0119gos\u0142upa<\/li>\n<\/ul>\t\t\t\t\t\t\t\t<\/div>\n\t\t\t\t<\/div>\n\t\t\t\t<div class=\"elementor-element elementor-element-1085493 elementor-widget elementor-widget-heading\" data-id=\"1085493\" data-element_type=\"widget\" data-widget_type=\"heading.default\">\n\t\t\t\t<div class=\"elementor-widget-container\">\n\t\t\t\t\t<h3 class=\"elementor-heading-title elementor-size-default\">OPERACJA SKOLIOZY:<\/h3>\t\t\t\t<\/div>\n\t\t\t\t<\/div>\n\t\t\t\t<div class=\"elementor-element elementor-element-da94d95 elementor-widget elementor-widget-text-editor\" data-id=\"da94d95\" data-element_type=\"widget\" data-widget_type=\"text-editor.default\">\n\t\t\t\t<div class=\"elementor-widget-container\">\n\t\t\t\t\t\t\t\t\t<p><strong>Polega na wyprostowaniu i usztywnieniu chorego obszaru kr\u0119gos\u0142upa z zastosowaniem implant\u00f3w<\/strong> \/metalowych wszczep\u00f3w kr\u0119gos\u0142upowych\/. W wi\u0119kszo\u015bci o\u015brodk\u00f3w standardem jest stabilizacja kr\u0119gos\u0142upa z dost\u0119pu tylnego. W trakcie operacji kr\u0119gos\u0142up jest prostowany i usztywniany na d\u0142ugim odcinku, zwykle obejmuj\u0105cym 10-14 kr\u0119g\u00f3w.<br \/>Dost\u0119p przedni pozwala w wybranych przypadkach deformacji znacznie skr\u00f3ci\u0107 obszar usztywnienia kr\u0119gos\u0142upa. Zwykle do uzyskania korekcji skoliozy wystarcza stabilizacja 3-5 trzon\u00f3w kr\u0119gowych.<br \/>Zwykle pacjenci po bardzo rozleg\u0142ym zabiegu wracaj\u0105 do prawie normalnego funkcjonowania w ci\u0105gu 3-6 tygodni po operacji.<\/p>\t\t\t\t\t\t\t\t<\/div>\n\t\t\t\t<\/div>\n\t\t\t\t\t<\/div>\n\t\t<\/div>\n\t\t\t\t\t<\/div>\n\t\t<\/section>\n\t\t\t\t<section class=\"elementor-section elementor-top-section elementor-element elementor-element-a11bd0b elementor-section-boxed elementor-section-height-default elementor-section-height-default\" data-id=\"a11bd0b\" data-element_type=\"section\" id=\"bg-diff\">\n\t\t\t\t\t\t<div class=\"elementor-container elementor-column-gap-default\">\n\t\t\t\t\t<div class=\"elementor-column elementor-col-50 elementor-top-column elementor-element elementor-element-7cd1a5c\" data-id=\"7cd1a5c\" data-element_type=\"column\">\n\t\t\t<div class=\"elementor-widget-wrap elementor-element-populated\">\n\t\t\t\t\t\t<div class=\"elementor-element elementor-element-4f635f3 elementor-widget elementor-widget-text-editor\" data-id=\"4f635f3\" data-element_type=\"widget\" data-widget_type=\"text-editor.default\">\n\t\t\t\t<div class=\"elementor-widget-container\">\n\t\t\t\t\t\t\t\t\t<strong>Mo\u017cliwo\u015bci chirurgiczne wykorzystania dost\u0119pu przedniego w leczeniu skoliozy<\/strong> \u2013 bardzo kr\u00f3tkie usztywnienie kr\u0119gos\u0142upa implantami, obraz radiologiczny przed i po operacji\t\t\t\t\t\t\t\t<\/div>\n\t\t\t\t<\/div>\n\t\t\t\t<div class=\"elementor-element elementor-element-3dc270a elementor-widget elementor-widget-text-editor\" data-id=\"3dc270a\" data-element_type=\"widget\" data-widget_type=\"text-editor.default\">\n\t\t\t\t<div class=\"elementor-widget-container\">\n\t\t\t\t\t\t\t\t\t<p>Pozosta\u0142o\u015bci\u0105 nawet po w\u0142a\u015bciwie zoperowanej deformacji skoliotycznej zwykle jest <strong>garb \u017cebrowy<\/strong> &#8211; zniekszta\u0142cenie plec\u00f3w powsta\u0142e w wyniku zniekszta\u0142cenia \u017ceber w trakcie trwania choroby.<br \/>Garb \u017cebrowy, zwykle mo\u017cna usun\u0105\u0107 operacyjnie, znacznie poprawiaj\u0105c wygl\u0105d plec\u00f3w. <strong>Operacja tego typu to korekcja\/plastyka garbu.<\/strong><\/p>\t\t\t\t\t\t\t\t<\/div>\n\t\t\t\t<\/div>\n\t\t\t\t\t<\/div>\n\t\t<\/div>\n\t\t\t\t<div class=\"elementor-column elementor-col-50 elementor-top-column elementor-element elementor-element-a8a4279\" data-id=\"a8a4279\" data-element_type=\"column\">\n\t\t\t<div class=\"elementor-widget-wrap elementor-element-populated\">\n\t\t\t\t\t\t<div class=\"elementor-element elementor-element-80d636a elementor-widget elementor-widget-image\" data-id=\"80d636a\" data-element_type=\"widget\" data-widget_type=\"image.default\">\n\t\t\t\t<div class=\"elementor-widget-container\">\n\t\t\t\t\t\t\t\t\t\t\t\t\t\t\t<img loading=\"lazy\" decoding=\"async\" width=\"800\" height=\"814\" src=\"https:\/\/dr-michalski-ortopeda.pl\/wp-content\/uploads\/2023\/05\/rtg-2w1.jpg\" class=\"attachment-large size-large wp-image-164\" alt=\"Kr\u0119gos\u0142up RTG\" srcset=\"https:\/\/dr-michalski-ortopeda.pl\/wp-content\/uploads\/2023\/05\/rtg-2w1.jpg 1003w, https:\/\/dr-michalski-ortopeda.pl\/wp-content\/uploads\/2023\/05\/rtg-2w1-295x300.jpg 295w, https:\/\/dr-michalski-ortopeda.pl\/wp-content\/uploads\/2023\/05\/rtg-2w1-768x782.jpg 768w\" sizes=\"(max-width: 800px) 100vw, 800px\" \/>\t\t\t\t\t\t\t\t\t\t\t\t\t\t\t<\/div>\n\t\t\t\t<\/div>\n\t\t\t\t\t<\/div>\n\t\t<\/div>\n\t\t\t\t\t<\/div>\n\t\t<\/section>\n\t\t\t\t<\/div>\n\t\t","protected":false},"excerpt":{"rendered":"<p>O MNIE DR N. MED. PAWE\u0141 JERZY MICHALSKI Jestem ortoped\u0105 od ponad 30 lat zajmuj\u0105cym si\u0119 leczeniem schorze\u0144 kr\u0119gos\u0142upa u dzieci i doros\u0142ych. Jestem autorem i wsp\u00f3\u0142autorem ponad 30 prac naukowych, opublikowanych w czasopismach krajowych i zagranicznych.Moje zawodowe do\u015bwiadczenie prezentowa\u0142em na ponad 40 kongresach mi\u0119dzynarodowych i krajowych.Dodatkowe informacje na stronie: www.skolioza.pl Szkolenia zagraniczne Link\u00f6ping (Szwecja) [&hellip;]<\/p>\n","protected":false},"author":1,"featured_media":0,"parent":0,"menu_order":0,"comment_status":"closed","ping_status":"closed","template":"","meta":{"footnotes":""},"class_list":["post-41","page","type-page","status-publish","hentry"],"_links":{"self":[{"href":"https:\/\/dr-michalski-ortopeda.pl\/index.php\/wp-json\/wp\/v2\/pages\/41","targetHints":{"allow":["GET"]}}],"collection":[{"href":"https:\/\/dr-michalski-ortopeda.pl\/index.php\/wp-json\/wp\/v2\/pages"}],"about":[{"href":"https:\/\/dr-michalski-ortopeda.pl\/index.php\/wp-json\/wp\/v2\/types\/page"}],"author":[{"embeddable":true,"href":"https:\/\/dr-michalski-ortopeda.pl\/index.php\/wp-json\/wp\/v2\/users\/1"}],"replies":[{"embeddable":true,"href":"https:\/\/dr-michalski-ortopeda.pl\/index.php\/wp-json\/wp\/v2\/comments?post=41"}],"version-history":[{"count":191,"href":"https:\/\/dr-michalski-ortopeda.pl\/index.php\/wp-json\/wp\/v2\/pages\/41\/revisions"}],"predecessor-version":[{"id":257,"href":"https:\/\/dr-michalski-ortopeda.pl\/index.php\/wp-json\/wp\/v2\/pages\/41\/revisions\/257"}],"wp:attachment":[{"href":"https:\/\/dr-michalski-ortopeda.pl\/index.php\/wp-json\/wp\/v2\/media?parent=41"}],"curies":[{"name":"wp","href":"https:\/\/api.w.org\/{rel}","templated":true}]}}